{"id":3423,"date":"2023-09-05T11:25:03","date_gmt":"2023-09-05T08:25:03","guid":{"rendered":"https:\/\/www.kiriktas.com.tr\/es\/?post_type=product&#038;p=3423"},"modified":"2023-11-08T09:01:12","modified_gmt":"2023-11-08T06:01:12","slug":"bolsa-de-basura-mediana-55x60-cm-50-rollos","status":"publish","type":"product","link":"https:\/\/www.kiriktas.com.tr\/es\/urun\/bolsa-de-basura-mediana-55x60-cm-50-rollos\/","title":{"rendered":"Bolsa de basura mediana 55&#215;60 cm"},"content":{"rendered":"<div><span style=\"color: #666666; font-family: opensans, Arial, Helvetica, sans-serif;\">EN EL ROLLO: 20 PIEZAS<\/span><\/div>\n<div>\n<div style=\"border: 0px; outline: none; margin: 0px; padding: 0px; color: #666666; font-family: opensans, Arial, Helvetica, sans-serif;\">EN EL CART\u00d3N: 50 ROLLOS<br \/>\nTOTAL: 1.000 PIEZAS<\/div>\n<div><\/div>\n<div style=\"border: 0px; outline: none; margin: 0px; padding: 0px; color: #666666; font-family: opensans, Arial, Helvetica, sans-serif;\">Bolsa de basura mediana 55&#215;60 cm (50 Rollos)<br \/>\nDimensiones: 55 cm x 60 cm<br \/>\nTama\u00f1o: Peque\u00f1o<br \/>\nEvita que la basura se esparza por todas partes<br \/>\nPreviene la propagaci\u00f3n de malos olores.<\/div>\n<\/div>\n<div style=\"border: 0px; outline: none; margin: 0px; padding: 0px; color: #666666; font-family: opensans, Arial, Helvetica, sans-serif;\">\n<div style=\"border: 0px; outline: none; margin: 0px; padding: 0px; color: #666666; font-family: opensans, Arial, Helvetica, sans-serif;\"><\/div>\n<div><span style=\"border: 0px; outline: 0px; font-size: 12pt; margin: 0px; padding: 0px; font-weight: bold; color: #028b6c; font-style: italic;\">\u00a0<\/span><\/div>\n<p>&nbsp;<\/p>\n<\/div>\n<div style=\"border: 0px; outline: none; margin: 0px; padding: 0px; color: #666666; font-family: opensans, Arial, Helvetica, sans-serif;\"><\/div>\n","protected":false},"excerpt":{"rendered":"<p>EN EL ROLLO: 20 PIEZAS EN EL CART\u00d3N: 50 ROLLOS TOTAL: 1.000 PIEZAS Bolsa de basura mediana 55&#215;60 cm (50 Rollos) Dimensiones: 55 cm x 60 cm Tama\u00f1o: Peque\u00f1o Evita que la basura se esparza por todas partes Previene la propagaci\u00f3n de malos olores. \u00a0 &nbsp;<\/p>\n","protected":false},"featured_media":2855,"comment_status":"open","ping_status":"closed","template":"","meta":{"om_disable_all_campaigns":false,"_monsterinsights_skip_tracking":false,"_monsterinsights_sitenote_active":false,"_monsterinsights_sitenote_note":"","_monsterinsights_sitenote_category":0},"product_brand":[],"product_cat":[73],"product_tag":[],"class_list":{"0":"post-3423","1":"product","2":"type-product","3":"status-publish","4":"has-post-thumbnail","6":"product_cat-bolsas-para-basura","8":"first","9":"instock","10":"shipping-taxable","11":"product-type-simple"},"aioseo_notices":[],"_links":{"self":[{"href":"https:\/\/www.kiriktas.com.tr\/es\/wp-json\/wp\/v2\/product\/3423","targetHints":{"allow":["GET"]}}],"collection":[{"href":"https:\/\/www.kiriktas.com.tr\/es\/wp-json\/wp\/v2\/product"}],"about":[{"href":"https:\/\/www.kiriktas.com.tr\/es\/wp-json\/wp\/v2\/types\/product"}],"replies":[{"embeddable":true,"href":"https:\/\/www.kiriktas.com.tr\/es\/wp-json\/wp\/v2\/comments?post=3423"}],"wp:featuredmedia":[{"embeddable":true,"href":"https:\/\/www.kiriktas.com.tr\/es\/wp-json\/wp\/v2\/media\/2855"}],"wp:attachment":[{"href":"https:\/\/www.kiriktas.com.tr\/es\/wp-json\/wp\/v2\/media?parent=3423"}],"wp:term":[{"taxonomy":"product_brand","embeddable":true,"href":"https:\/\/www.kiriktas.com.tr\/es\/wp-json\/wp\/v2\/product_brand?post=3423"},{"taxonomy":"product_cat","embeddable":true,"href":"https:\/\/www.kiriktas.com.tr\/es\/wp-json\/wp\/v2\/product_cat?post=3423"},{"taxonomy":"product_tag","embeddable":true,"href":"https:\/\/www.kiriktas.com.tr\/es\/wp-json\/wp\/v2\/product_tag?post=3423"}],"curies":[{"name":"wp","href":"https:\/\/api.w.org\/{rel}","templated":true}]}}