{"id":3424,"date":"2023-09-05T11:25:03","date_gmt":"2023-09-05T08:25:03","guid":{"rendered":"https:\/\/www.kiriktas.com.tr\/es\/?post_type=product&#038;p=3424"},"modified":"2023-11-08T09:01:05","modified_gmt":"2023-11-08T06:01:05","slug":"bolsa-de-basura-de-gran-tamano-65x80-cm-50-rollos","status":"publish","type":"product","link":"https:\/\/www.kiriktas.com.tr\/es\/urun\/bolsa-de-basura-de-gran-tamano-65x80-cm-50-rollos\/","title":{"rendered":"Bolsa de basura de gran tama\u00f1o 65&#215;80 cm"},"content":{"rendered":"<div>EN EL ROLLO: 10 PIEZAS<br \/>\nEN EL CART\u00d3N: 50 ROLLOS<br \/>\nTOTAL: 500 PIEZAS<\/div>\n<div>Bolsa de basura de gran tama\u00f1o 65&#215;80 cm (50 Rollos)<br \/>\nDimensiones: 65 cm x 80 cm<br \/>\nTama\u00f1o: Peque\u00f1o<br \/>\nEvita que la basura se esparza por todas partes<br \/>\nPreviene la propagaci\u00f3n de malos olores.<\/div>\n<div><\/div>\n<div style=\"border: 0px; outline: none; margin: 0px; padding: 0px; color: #666666; font-family: opensans, Arial, Helvetica, sans-serif;\">\n<div style=\"border: 0px; outline: none; margin: 0px; padding: 0px; color: #666666; font-family: opensans, Arial, Helvetica, sans-serif;\">\n<p>&nbsp;<\/p>\n<\/div>\n<div><span style=\"border: 0px; outline: 0px; font-size: 12pt; margin: 0px; padding: 0px; font-weight: bold; color: #028b6c; font-style: italic;\">\u00a0<\/span><\/div>\n<p>&nbsp;<\/p>\n<\/div>\n<div style=\"border: 0px; outline: none; margin: 0px; padding: 0px; color: #666666; font-family: opensans, Arial, Helvetica, sans-serif;\"><\/div>\n","protected":false},"excerpt":{"rendered":"<p>EN EL ROLLO: 10 PIEZAS EN EL CART\u00d3N: 50 ROLLOS TOTAL: 500 PIEZAS Bolsa de basura de gran tama\u00f1o 65&#215;80 cm (50 Rollos) Dimensiones: 65 cm x 80 cm Tama\u00f1o: Peque\u00f1o Evita que la basura se esparza por todas partes Previene la propagaci\u00f3n de malos olores. &nbsp; \u00a0 &nbsp;<\/p>\n","protected":false},"featured_media":2857,"comment_status":"open","ping_status":"closed","template":"","meta":{"om_disable_all_campaigns":false,"_monsterinsights_skip_tracking":false,"_monsterinsights_sitenote_active":false,"_monsterinsights_sitenote_note":"","_monsterinsights_sitenote_category":0},"product_brand":[],"product_cat":[73],"product_tag":[],"class_list":{"0":"post-3424","1":"product","2":"type-product","3":"status-publish","4":"has-post-thumbnail","6":"product_cat-bolsas-para-basura","8":"first","9":"instock","10":"shipping-taxable","11":"product-type-simple"},"aioseo_notices":[],"_links":{"self":[{"href":"https:\/\/www.kiriktas.com.tr\/es\/wp-json\/wp\/v2\/product\/3424","targetHints":{"allow":["GET"]}}],"collection":[{"href":"https:\/\/www.kiriktas.com.tr\/es\/wp-json\/wp\/v2\/product"}],"about":[{"href":"https:\/\/www.kiriktas.com.tr\/es\/wp-json\/wp\/v2\/types\/product"}],"replies":[{"embeddable":true,"href":"https:\/\/www.kiriktas.com.tr\/es\/wp-json\/wp\/v2\/comments?post=3424"}],"wp:featuredmedia":[{"embeddable":true,"href":"https:\/\/www.kiriktas.com.tr\/es\/wp-json\/wp\/v2\/media\/2857"}],"wp:attachment":[{"href":"https:\/\/www.kiriktas.com.tr\/es\/wp-json\/wp\/v2\/media?parent=3424"}],"wp:term":[{"taxonomy":"product_brand","embeddable":true,"href":"https:\/\/www.kiriktas.com.tr\/es\/wp-json\/wp\/v2\/product_brand?post=3424"},{"taxonomy":"product_cat","embeddable":true,"href":"https:\/\/www.kiriktas.com.tr\/es\/wp-json\/wp\/v2\/product_cat?post=3424"},{"taxonomy":"product_tag","embeddable":true,"href":"https:\/\/www.kiriktas.com.tr\/es\/wp-json\/wp\/v2\/product_tag?post=3424"}],"curies":[{"name":"wp","href":"https:\/\/api.w.org\/{rel}","templated":true}]}}