{"id":3435,"date":"2023-09-05T11:25:08","date_gmt":"2023-09-05T08:25:08","guid":{"rendered":"https:\/\/www.kiriktas.com.tr\/es\/?post_type=product&#038;p=3435"},"modified":"2023-11-08T09:10:54","modified_gmt":"2023-11-08T06:10:54","slug":"bolsa-de-basura-azul-tamano-jumbo-industrial-650-g-80x110-cm-20-rollos","status":"publish","type":"product","link":"https:\/\/www.kiriktas.com.tr\/es\/urun\/bolsa-de-basura-azul-tamano-jumbo-industrial-650-g-80x110-cm-20-rollos\/","title":{"rendered":"Bolsa de basura azul tama\u00f1o jumbo industrial 650 g 80&#215;110 cm"},"content":{"rendered":"<div style=\"border: 0px; outline: none; margin: 0px; padding: 0px; color: #666666; font-family: opensans, Arial, Helvetica, sans-serif;\">\n<div style=\"border: 0px; outline: none; margin: 0px; padding: 0px; color: #666666; font-family: opensans, Arial, Helvetica, sans-serif;\">\n<div style=\"border: 0px; outline: none; margin: 0px; padding: 0px; color: #666666; font-family: opensans, Arial, Helvetica, sans-serif;\">\n<div style=\"border: 0px; outline: none; margin: 0px; padding: 0px; color: #666666; font-family: opensans, Arial, Helvetica, sans-serif;\">EN EL ROLLO: 10 PIEZAS<br \/>\nEN EL CART\u00d3N: 20 ROLLOS<br \/>\nTOTAL: 200 PIEZAS<\/div>\n<div><\/div>\n<div style=\"border: 0px; outline: none; margin: 0px; padding: 0px; color: #666666; font-family: opensans, Arial, Helvetica, sans-serif;\">Bolsa de basura azul tama\u00f1o jumbo industrial 650 g 80&#215;110 cm (20 Rollos)<br \/>\nDimensiones: 80 cm x 110 cm<br \/>\nPeso: 650 gramos<br \/>\nColor: Azul<br \/>\nTama\u00f1o: Jumbo<br \/>\nEvita que la basura se esparza por todas partes<br \/>\nPreviene la propagaci\u00f3n de malos olores.<\/div>\n<\/div>\n<\/div>\n<\/div>\n","protected":false},"excerpt":{"rendered":"<p>EN EL ROLLO: 10 PIEZAS EN EL CART\u00d3N: 20 ROLLOS TOTAL: 200 PIEZAS Bolsa de basura azul tama\u00f1o jumbo industrial 650 g 80&#215;110 cm (20 Rollos) Dimensiones: 80 cm x 110 cm Peso: 650 gramos Color: Azul Tama\u00f1o: Jumbo Evita que la basura se esparza por todas partes Previene la propagaci\u00f3n de malos olores.<\/p>\n","protected":false},"featured_media":2879,"comment_status":"open","ping_status":"closed","template":"","meta":{"om_disable_all_campaigns":false,"_monsterinsights_skip_tracking":false,"_monsterinsights_sitenote_active":false,"_monsterinsights_sitenote_note":"","_monsterinsights_sitenote_category":0},"product_brand":[],"product_cat":[73],"product_tag":[],"class_list":{"0":"post-3435","1":"product","2":"type-product","3":"status-publish","4":"has-post-thumbnail","6":"product_cat-bolsas-para-basura","8":"first","9":"instock","10":"shipping-taxable","11":"product-type-simple"},"aioseo_notices":[],"_links":{"self":[{"href":"https:\/\/www.kiriktas.com.tr\/es\/wp-json\/wp\/v2\/product\/3435","targetHints":{"allow":["GET"]}}],"collection":[{"href":"https:\/\/www.kiriktas.com.tr\/es\/wp-json\/wp\/v2\/product"}],"about":[{"href":"https:\/\/www.kiriktas.com.tr\/es\/wp-json\/wp\/v2\/types\/product"}],"replies":[{"embeddable":true,"href":"https:\/\/www.kiriktas.com.tr\/es\/wp-json\/wp\/v2\/comments?post=3435"}],"wp:featuredmedia":[{"embeddable":true,"href":"https:\/\/www.kiriktas.com.tr\/es\/wp-json\/wp\/v2\/media\/2879"}],"wp:attachment":[{"href":"https:\/\/www.kiriktas.com.tr\/es\/wp-json\/wp\/v2\/media?parent=3435"}],"wp:term":[{"taxonomy":"product_brand","embeddable":true,"href":"https:\/\/www.kiriktas.com.tr\/es\/wp-json\/wp\/v2\/product_brand?post=3435"},{"taxonomy":"product_cat","embeddable":true,"href":"https:\/\/www.kiriktas.com.tr\/es\/wp-json\/wp\/v2\/product_cat?post=3435"},{"taxonomy":"product_tag","embeddable":true,"href":"https:\/\/www.kiriktas.com.tr\/es\/wp-json\/wp\/v2\/product_tag?post=3435"}],"curies":[{"name":"wp","href":"https:\/\/api.w.org\/{rel}","templated":true}]}}