{"id":3575,"date":"2023-10-18T15:46:51","date_gmt":"2023-10-18T12:46:51","guid":{"rendered":"https:\/\/www.kiriktas.com.tr\/es\/?post_type=product&#038;p=3575"},"modified":"2023-10-18T15:49:02","modified_gmt":"2023-10-18T12:49:02","slug":"neumatico-de-goma-30-kg-2","status":"publish","type":"product","link":"https:\/\/www.kiriktas.com.tr\/es\/urun\/neumatico-de-goma-30-kg-2\/","title":{"rendered":"Neum\u00e1tico de goma 30 Kg"},"content":{"rendered":"<p>DENTRO DE LA CAJA: 30 KG<\/p>\n<p>Tiene 70 mm de largo.<br \/>\nHecho de 100% goma.<br \/>\nDuradero y flexible.<br \/>\nLas bandas de paquete se utilizan com\u00fanmente para sellar las aberturas de los productos alimenticios que compra para evitar que se vuelvan rancios.<br \/>\nTambi\u00e9n evitan que los art\u00edculos enrollados, como papel y p\u00f3steres, se desenrollen.<br \/>\nAdecuado para su uso en las industrias textil, de embalaje, alimentaria, de papeler\u00eda, calzado y otras.<\/p>\n","protected":false},"excerpt":{"rendered":"<p>DENTRO DE LA CAJA: 30 KG Tiene 70 mm de largo. Hecho de 100% goma. Duradero y flexible. Las bandas de paquete se utilizan com\u00fanmente para sellar las aberturas de los productos alimenticios que compra para evitar que se vuelvan rancios. Tambi\u00e9n evitan que los art\u00edculos enrollados, como papel y p\u00f3steres, se desenrollen. Adecuado para&#8230;<\/p>\n","protected":false},"featured_media":3574,"comment_status":"open","ping_status":"closed","template":"","meta":{"om_disable_all_campaigns":false,"_monsterinsights_skip_tracking":false,"_monsterinsights_sitenote_active":false,"_monsterinsights_sitenote_note":"","_monsterinsights_sitenote_category":0},"product_brand":[],"product_cat":[83],"product_tag":[],"class_list":{"0":"post-3575","1":"product","2":"type-product","3":"status-publish","4":"has-post-thumbnail","6":"product_cat-neumatico-de-goma","8":"first","9":"instock","10":"shipping-taxable","11":"product-type-simple"},"aioseo_notices":[],"_links":{"self":[{"href":"https:\/\/www.kiriktas.com.tr\/es\/wp-json\/wp\/v2\/product\/3575","targetHints":{"allow":["GET"]}}],"collection":[{"href":"https:\/\/www.kiriktas.com.tr\/es\/wp-json\/wp\/v2\/product"}],"about":[{"href":"https:\/\/www.kiriktas.com.tr\/es\/wp-json\/wp\/v2\/types\/product"}],"replies":[{"embeddable":true,"href":"https:\/\/www.kiriktas.com.tr\/es\/wp-json\/wp\/v2\/comments?post=3575"}],"wp:featuredmedia":[{"embeddable":true,"href":"https:\/\/www.kiriktas.com.tr\/es\/wp-json\/wp\/v2\/media\/3574"}],"wp:attachment":[{"href":"https:\/\/www.kiriktas.com.tr\/es\/wp-json\/wp\/v2\/media?parent=3575"}],"wp:term":[{"taxonomy":"product_brand","embeddable":true,"href":"https:\/\/www.kiriktas.com.tr\/es\/wp-json\/wp\/v2\/product_brand?post=3575"},{"taxonomy":"product_cat","embeddable":true,"href":"https:\/\/www.kiriktas.com.tr\/es\/wp-json\/wp\/v2\/product_cat?post=3575"},{"taxonomy":"product_tag","embeddable":true,"href":"https:\/\/www.kiriktas.com.tr\/es\/wp-json\/wp\/v2\/product_tag?post=3575"}],"curies":[{"name":"wp","href":"https:\/\/api.w.org\/{rel}","templated":true}]}}